{"id":132,"date":"2018-09-21T14:10:53","date_gmt":"2018-09-21T14:10:53","guid":{"rendered":"http:\/\/agiot.inesctec.pt\/?page_id=132"},"modified":"2018-11-15T18:14:20","modified_gmt":"2018-11-15T18:14:20","slug":"smartfarming-project","status":"publish","type":"page","link":"https:\/\/agiot.inesctec.pt\/index.php\/smartfarming-project\/","title":{"rendered":"SmartFarming Project"},"content":{"rendered":"<h5>SmartFarming &#8211;\u00a0Advanced tool for operationalization of precision agriculture<\/h5>\n<p>The project intends to develop an innovative agronomy management tool that will provide, on the one hand, a simplification of agricultural processes and, on the other hand, the optimization of them.<\/p>\n<p>The Smart Farming project addresses the development of an innovative tool with the ability to determine parameters and related tasks such as irrigation, fertilization, harvest and diseases.<\/p>\n<p>To develop a tool for the operationalization of a precision agriculture, and, consequently, to deliver to the market a product capable of dictating a new state of the art for the sector, which will allow the promoters, especially their leader, an expansion of their activity to new markets.<\/p>\n<p>&nbsp;<\/p>\n<p>As constantes mudan\u00e7as \u00e0 vida e \u00e0s condi\u00e7\u00f5es mundiais, onde se inclu\u00ed as altera\u00e7\u00f5es clim\u00e1ticas e a altera\u00e7\u00e3o dos h\u00e1bitos de consumo levam a que os processos agr\u00edcolas tenham de ser repensados e otimizados.\u00a0A Organiza\u00e7\u00e3o das Na\u00e7\u00f5es Unidas para a Alimenta\u00e7\u00e3o e a Agricultura (FAO) recomenda que todos os setores agr\u00edcolas se equipem com t\u00e9cnicas e ferramentas inovadoras e em particular aproveitem e adotem tecnologias digitais.<\/p>\n<p>Nesse sentido \u00e9 crescente a aposta numa \u00a0<strong><em>Agricultura de Precis\u00e3o<\/em><\/strong>, onde o objetivo \u00e9 otimizar a produ\u00e7\u00e3o por unidade agr\u00edcola atrav\u00e9s da utiliza\u00e7\u00e3o dos mais modernos meios, de um modo sustent\u00e1vel, por forma a atingir melhores resultados. N\u00e3o se pretende substituir o conhecimento do agricultor, mas acrescentar valor, informa\u00e7\u00e3o e facilidade a algumas tarefas dado que a tecnologia utilizada vai permitir uma melhor tomada de decis\u00e3o que resultar\u00e1 numa diminui\u00e7\u00e3o de perdas e numa maximiza\u00e7\u00e3o da efici\u00eancia dos trabalhos.<\/p>\n<p>Com base nesta premissa surge o projecto Smart Farming: Ferramenta avan\u00e7ada para operacionaliza\u00e7\u00e3o da agricultura de precis\u00e3o\u201d (<a href=\"http:\/\/www.poci-compete2020.pt\/noticias\/detalhe\/Proj18029_SmartFarming\">More About<\/a>) a Portuguese P2020 project. O \u201cSmart Farming: Ferramenta avan\u00e7ada para operacionaliza\u00e7\u00e3o da agricultura de precis\u00e3o\u201d \u00e9 cofinanciado pelo COMPETE 2020 no \u00e2mbito do Sistema de Incentivos \u00e0 I&amp;DT na vertente de Co-promo\u00e7\u00e3o, com um Investimento de 998 mil euros, a que corresponde um Incentivo comunit\u00e1rio de 716 mil euros do FEDER.<\/p>\n","protected":false},"excerpt":{"rendered":"<p>SmartFarming &#8211;\u00a0Advanced tool for operationalization of precision agriculture The project intends to develop an innovative agronomy management tool that will provide, on the one hand, a simplification of agricultural processes and, on the other hand, the optimization of them. The Smart Farming project addresses the development of an innovative tool with the ability to determine [&hellip;]<\/p>\n","protected":false},"author":3,"featured_media":0,"parent":0,"menu_order":0,"comment_status":"closed","ping_status":"closed","template":"","meta":{"footnotes":""},"class_list":["post-132","page","type-page","status-publish","hentry"],"_links":{"self":[{"href":"https:\/\/agiot.inesctec.pt\/index.php\/wp-json\/wp\/v2\/pages\/132","targetHints":{"allow":["GET"]}}],"collection":[{"href":"https:\/\/agiot.inesctec.pt\/index.php\/wp-json\/wp\/v2\/pages"}],"about":[{"href":"https:\/\/agiot.inesctec.pt\/index.php\/wp-json\/wp\/v2\/types\/page"}],"author":[{"embeddable":true,"href":"https:\/\/agiot.inesctec.pt\/index.php\/wp-json\/wp\/v2\/users\/3"}],"replies":[{"embeddable":true,"href":"https:\/\/agiot.inesctec.pt\/index.php\/wp-json\/wp\/v2\/comments?post=132"}],"version-history":[{"count":3,"href":"https:\/\/agiot.inesctec.pt\/index.php\/wp-json\/wp\/v2\/pages\/132\/revisions"}],"predecessor-version":[{"id":209,"href":"https:\/\/agiot.inesctec.pt\/index.php\/wp-json\/wp\/v2\/pages\/132\/revisions\/209"}],"wp:attachment":[{"href":"https:\/\/agiot.inesctec.pt\/index.php\/wp-json\/wp\/v2\/media?parent=132"}],"curies":[{"name":"wp","href":"https:\/\/api.w.org\/{rel}","templated":true}]}}